{"id":326,"date":"2014-11-20T22:35:38","date_gmt":"2014-11-20T20:35:38","guid":{"rendered":"http:\/\/rabbitz.de\/?page_id=326"},"modified":"2017-03-20T11:12:06","modified_gmt":"2017-03-20T09:12:06","slug":"tidal-power-technology-in-90-sec","status":"publish","type":"page","link":"https:\/\/rabbitz.de\/de\/tidal-power-technology-in-90-sec\/","title":{"rendered":"Tidal Power Technology in 90 sec."},"content":{"rendered":"<div class=\"spacer-big\"><\/div>\n<p>\t<video id=\"wp_mep_1\"   width=\"100%\" height=\"100%\"  controls=\"controls\" preload=\"auto\" autoplay=\"true\" ><source src=\"http:\/\/player.vimeo.com\/external\/113902405.hd.mp4?s=b0ecd425f80a20aaa0cad5117c34b396\" type=\"video\/mp4\" \/><\/video><br \/>\n<script type=\"text\/javascript\">\njQuery(document).ready(function($) {\n\t$('#wp_mep_1').mediaelementplayer({\n\t\tm:1<\/p>\n<p>\t\t,features: ['playpause','current','progress','duration','volume','tracks','fullscreen']<\/p>\n<p>\t});\n});\n<\/script><\/p>\n<div class=\"clear\"><\/div>\n<div class=\"references\">\n<h3>Tidal Power Technology in 90 sec.<\/h3>\n<h6>Siemens AG<\/h6>\n<div class=\"spacer\"><\/div>\n<div class=\"content\">\nDr. Peter Fraenkel erkl\u00e4rt mit Gegenst\u00e4nden des t\u00e4glichen Lebens die Funktionsweise der Tidal Turbine.<\/p>\n<div class=\"spacer-big\"><\/div>\n<div class=\"row\">\n<div class=\"col-md-6 left\">\n<strong>Client:<\/strong> Siemens AG<br \/>\n<strong>Director:<\/strong> Alexander Linke<br \/>\n<strong>DoP:<\/strong> Alexander Linke<br \/>\n<strong>Executive Producer:<\/strong> Hanno Kampffmeyer\n<\/div>\n<div class=\"col-md-6 left\">\n<strong>Producer:<\/strong> Andreas Messner<br \/>\n<strong>Editor:<\/strong> Marcus Heckel<br \/>\n<strong>Komponist:<\/strong> Sebastian Watzinger<br \/>\n<strong>Production Co.:<\/strong> Maximilian Film\n<\/div>\n<\/div>\n<\/div>\n<div class=\"teaser-awards\">\n<h5>AWARDS<\/h5>\n<div class=\"row\">\n<div class=\"icon-award\"><\/div>\n<div class=\"col-md-4\">\n<h7>FESTIVAL<\/h7><br \/>\nWorldfest Houston \u2013 International Film &#038; Video Festival\n<\/div>\n<div class=\"col-md-4\">\n<h7>AWARD<\/h7><br \/>\nSpecial Jury Remi Award\n<\/div>\n<div class=\"col-md-4\">\n<h7>KATEGORIE<\/h7><br \/>\nScience and Research\n<\/div>\n<\/div>\n<\/div>\n<\/div>\n","protected":false},"excerpt":{"rendered":"Tidal Power Technology in 90 sec. Siemens AG Dr. Peter Fraenkel erkl\u00e4rt mit Gegenst\u00e4nden des t\u00e4glichen Lebens die Funktionsweise der Tidal Turbine. Client: Siemens AG Director: Alexander Linke DoP: Alexander Linke Executive Producer: Hanno Kampffmeyer Producer: Andreas Messner Editor: Marcus Heckel Komponist: Sebastian Watzinger Production Co.: Maximilian Film AWARDS FESTIVAL Worldfest Houston \u2013 International Film [&hellip;]","protected":false},"author":1,"featured_media":0,"parent":0,"menu_order":22,"comment_status":"open","ping_status":"closed","template":"","meta":{"footnotes":""},"class_list":["post-326","page","type-page","status-publish","hentry"],"_links":{"self":[{"href":"https:\/\/rabbitz.de\/de\/wp-json\/wp\/v2\/pages\/326","targetHints":{"allow":["GET"]}}],"collection":[{"href":"https:\/\/rabbitz.de\/de\/wp-json\/wp\/v2\/pages"}],"about":[{"href":"https:\/\/rabbitz.de\/de\/wp-json\/wp\/v2\/types\/page"}],"author":[{"embeddable":true,"href":"https:\/\/rabbitz.de\/de\/wp-json\/wp\/v2\/users\/1"}],"replies":[{"embeddable":true,"href":"https:\/\/rabbitz.de\/de\/wp-json\/wp\/v2\/comments?post=326"}],"version-history":[{"count":6,"href":"https:\/\/rabbitz.de\/de\/wp-json\/wp\/v2\/pages\/326\/revisions"}],"predecessor-version":[{"id":9443,"href":"https:\/\/rabbitz.de\/de\/wp-json\/wp\/v2\/pages\/326\/revisions\/9443"}],"wp:attachment":[{"href":"https:\/\/rabbitz.de\/de\/wp-json\/wp\/v2\/media?parent=326"}],"curies":[{"name":"wp","href":"https:\/\/api.w.org\/{rel}","templated":true}]}}