{"id":313,"date":"2014-11-20T21:17:08","date_gmt":"2014-11-20T19:17:08","guid":{"rendered":"http:\/\/rabbitz.de\/?page_id=313"},"modified":"2017-03-20T11:11:37","modified_gmt":"2017-03-20T09:11:37","slug":"h-class-efficiency-directors-cut","status":"publish","type":"page","link":"https:\/\/rabbitz.de\/de\/h-class-efficiency-directors-cut\/","title":{"rendered":"H-Class Efficiency &#8211; Directors Cut"},"content":{"rendered":"<div class=\"spacer-big\"><\/div>\n<p>\t<video id=\"wp_mep_1\"   width=\"100%\" height=\"100%\"  controls=\"controls\" preload=\"auto\" autoplay=\"true\" ><source src=\"http:\/\/player.vimeo.com\/external\/113901358.hd.mp4?s=18eb5325b6a424ac647a97a9d40c4192\" type=\"video\/mp4\" \/><\/video><br \/>\n<script type=\"text\/javascript\">\njQuery(document).ready(function($) {\n\t$('#wp_mep_1').mediaelementplayer({\n\t\tm:1<\/p>\n<p>\t\t,features: ['playpause','current','progress','duration','volume','tracks','fullscreen']<\/p>\n<p>\t});\n});\n<\/script><\/p>\n<div class=\"clear\"><\/div>\n<div class=\"references\">\n<h3>H-Class Efficiency \u2013 Director&#8217;s Cut<\/h3>\n<h6>Siemens AG<\/h6>\n<div class=\"spacer\"><\/div>\n<div class=\"content\">\nSeoul, Korea. Das Energy Consumption Monster musste filmisch geb\u00e4ndigt werden. Mit Einf\u00fchrung der H-Class Klasse, erh\u00e4lt Seoul sein effizientestes Gaskraftwerk, um seinen Energiehunger zu stillen.<\/p>\n<div class=\"spacer-big\"><\/div>\n<div class=\"row\">\n<div class=\"col-md-6 left\">\n<strong>Client:<\/strong> Siemens AG<br \/>\n<strong>Agency:<\/strong> Scholz &#038; Friends, Hamburg<br \/>\n<strong>Creative Director:<\/strong> Thomas Mathew<br \/>\n<strong>TV Producer:<\/strong> Mark Rota<br \/>\n<strong>Director:<\/strong> Alexander Linke<br \/>\n<strong>DoP:<\/strong> Alexander Linke\n<\/div>\n<div class=\"col-md-6 left\">\n<strong>Executive Producer:<\/strong> Hanno Kampffmeyer<br \/>\n<strong>Producer:<\/strong> Hanno Kampffmeyer<br \/>\n<strong>Editor:<\/strong> Sebastian Freund<br \/>\n<strong>Komponist:<\/strong> Daniel Siebertz<br \/>\n<strong>Production Co.:<\/strong> Maximilian Film\n<\/div>\n<\/div>\n<\/div>\n<div class=\"teaser-awards\">\n<h5>AWARDS<\/h5>\n<div class=\"row\">\n<div class=\"icon-award\"><\/div>\n<div class=\"col-md-4\">\n<h7>FESTIVAL<\/h7><br \/>\nWorldfest Houston \u2013 International Film &#038; Video Festival\n<\/div>\n<div class=\"col-md-4\">\n<h7>AWARD<\/h7><br \/>\nPlatinum Remi Award\n<\/div>\n<div class=\"col-md-4\">\n<h7>KATEGORIE<\/h7><br \/>\nSales &#038; Marketing &#8211; Industry\n<\/div>\n<\/div>\n<\/div>\n<\/div>\n<\/div>\n","protected":false},"excerpt":{"rendered":"H-Class Efficiency \u2013 Director&#8217;s Cut Siemens AG Seoul, Korea. Das Energy Consumption Monster musste filmisch geb\u00e4ndigt werden. Mit Einf\u00fchrung der H-Class Klasse, erh\u00e4lt Seoul sein effizientestes Gaskraftwerk, um seinen Energiehunger zu stillen. Client: Siemens AG Agency: Scholz &#038; Friends, Hamburg Creative Director: Thomas Mathew TV Producer: Mark Rota Director: Alexander Linke DoP: Alexander Linke Executive [&hellip;]","protected":false},"author":1,"featured_media":0,"parent":0,"menu_order":6,"comment_status":"open","ping_status":"closed","template":"","meta":{"footnotes":""},"class_list":["post-313","page","type-page","status-publish","hentry"],"_links":{"self":[{"href":"https:\/\/rabbitz.de\/de\/wp-json\/wp\/v2\/pages\/313","targetHints":{"allow":["GET"]}}],"collection":[{"href":"https:\/\/rabbitz.de\/de\/wp-json\/wp\/v2\/pages"}],"about":[{"href":"https:\/\/rabbitz.de\/de\/wp-json\/wp\/v2\/types\/page"}],"author":[{"embeddable":true,"href":"https:\/\/rabbitz.de\/de\/wp-json\/wp\/v2\/users\/1"}],"replies":[{"embeddable":true,"href":"https:\/\/rabbitz.de\/de\/wp-json\/wp\/v2\/comments?post=313"}],"version-history":[{"count":5,"href":"https:\/\/rabbitz.de\/de\/wp-json\/wp\/v2\/pages\/313\/revisions"}],"predecessor-version":[{"id":9440,"href":"https:\/\/rabbitz.de\/de\/wp-json\/wp\/v2\/pages\/313\/revisions\/9440"}],"wp:attachment":[{"href":"https:\/\/rabbitz.de\/de\/wp-json\/wp\/v2\/media?parent=313"}],"curies":[{"name":"wp","href":"https:\/\/api.w.org\/{rel}","templated":true}]}}