{"id":306,"date":"2014-11-20T21:08:31","date_gmt":"2014-11-20T19:08:31","guid":{"rendered":"http:\/\/rabbitz.de\/?page_id=306"},"modified":"2017-03-20T11:11:51","modified_gmt":"2017-03-20T09:11:51","slug":"verlaengertes-wochenende","status":"publish","type":"page","link":"https:\/\/rabbitz.de\/de\/verlaengertes-wochenende\/","title":{"rendered":"Verl\u00e4ngertes Wochenende"},"content":{"rendered":"<div class=\"spacer-big\"><\/div>\n<p>\t<video id=\"wp_mep_1\"   width=\"100%\" height=\"100%\"  controls=\"controls\" preload=\"auto\" autoplay=\"true\" ><source src=\"http:\/\/player.vimeo.com\/external\/113899289.hd.mp4?s=ab7f6a789c2af23ddb01550feb917fc5\" type=\"video\/mp4\" \/><\/video><br \/>\n<script type=\"text\/javascript\">\njQuery(document).ready(function($) {\n\t$('#wp_mep_1').mediaelementplayer({\n\t\tm:1<\/p>\n<p>\t\t,features: ['playpause','current','progress','duration','volume','tracks','fullscreen']<\/p>\n<p>\t});\n});\n<\/script><\/p>\n<div class=\"clear\"><\/div>\n<div class=\"references\">\n<h3>Verl\u00e4ngertes Wochenende<\/h3>\n<h6>Julius Grimm<\/h6>\n<div class=\"spacer\"><\/div>\n<div class=\"content\">\nAssoziationen zum Aufzug fahren: krampfhaftes L\u00e4cheln, betretenes Schweigen, fremde Leute. Alle viel zu nah. Endlich, mein Stockwerk, schnell wieder raus. Aber dann &#8211; Stromausfall, Alptraum. F\u00fcnf Menschen stecken \u00fcbers Wochenende in einem Aufzug fest.<\/p>\n<div class=\"spacer-big\"><\/div>\n<div class=\"row\">\n<div class=\"col-md-6 left\">\n<strong>Darsteller:<\/strong> Stefanie von Poser, Christoph Poser, Isabella Wolf, Florian G\u00fcnther, Simon Pearce<br \/>\n<strong>Buch &#038; Regie:<\/strong> Julius Grimm<br \/>\n<strong>DoP:<\/strong> Theresa Mau\u00e9\n<\/div>\n<div class=\"col-md-6 left\">\n<strong>Ton:<\/strong> Christian Knie, Zeno Legner<br \/>\n<strong>Editor:<\/strong> Sebastian Freund<br \/>\n<strong>Komponist:<\/strong> Sebastian Watzinger\n<\/div>\n<\/div>\n<\/div>\n<\/div>\n<div class=\"spacer-big\"><\/div>\n","protected":false},"excerpt":{"rendered":"Verl\u00e4ngertes Wochenende Julius Grimm Assoziationen zum Aufzug fahren: krampfhaftes L\u00e4cheln, betretenes Schweigen, fremde Leute. Alle viel zu nah. Endlich, mein Stockwerk, schnell wieder raus. Aber dann &#8211; Stromausfall, Alptraum. F\u00fcnf Menschen stecken \u00fcbers Wochenende in einem Aufzug fest. Darsteller: Stefanie von Poser, Christoph Poser, Isabella Wolf, Florian G\u00fcnther, Simon Pearce Buch &#038; Regie: Julius Grimm [&hellip;]","protected":false},"author":1,"featured_media":0,"parent":0,"menu_order":15,"comment_status":"open","ping_status":"closed","template":"","meta":{"footnotes":""},"class_list":["post-306","page","type-page","status-publish","hentry"],"_links":{"self":[{"href":"https:\/\/rabbitz.de\/de\/wp-json\/wp\/v2\/pages\/306","targetHints":{"allow":["GET"]}}],"collection":[{"href":"https:\/\/rabbitz.de\/de\/wp-json\/wp\/v2\/pages"}],"about":[{"href":"https:\/\/rabbitz.de\/de\/wp-json\/wp\/v2\/types\/page"}],"author":[{"embeddable":true,"href":"https:\/\/rabbitz.de\/de\/wp-json\/wp\/v2\/users\/1"}],"replies":[{"embeddable":true,"href":"https:\/\/rabbitz.de\/de\/wp-json\/wp\/v2\/comments?post=306"}],"version-history":[{"count":6,"href":"https:\/\/rabbitz.de\/de\/wp-json\/wp\/v2\/pages\/306\/revisions"}],"predecessor-version":[{"id":9437,"href":"https:\/\/rabbitz.de\/de\/wp-json\/wp\/v2\/pages\/306\/revisions\/9437"}],"wp:attachment":[{"href":"https:\/\/rabbitz.de\/de\/wp-json\/wp\/v2\/media?parent=306"}],"curies":[{"name":"wp","href":"https:\/\/api.w.org\/{rel}","templated":true}]}}