{"id":1362,"date":"2016-02-03T19:07:43","date_gmt":"2016-02-03T17:07:43","guid":{"rendered":"http:\/\/rabbitz.de\/?page_id=1362"},"modified":"2017-03-20T11:07:28","modified_gmt":"2017-03-20T09:07:28","slug":"optima-crazy-colour-tv-spot","status":"publish","type":"page","link":"https:\/\/rabbitz.de\/de\/optima-crazy-colour-tv-spot\/","title":{"rendered":"Crazy Colour TV Spot"},"content":{"rendered":"<div class=\"spacer-big\"><\/div>\n<p>\t<video id=\"wp_mep_1\"   width=\"100%\" height=\"100%\"  controls=\"controls\" preload=\"auto\"  ><source src=\"https:\/\/player.vimeo.com\/external\/153888208.hd.mp4?s=85cda306c26e253d7890829310fb09b54b06f03f&amp;profile_id=119\" type=\"video\/mp4\" \/><\/video><br \/>\n<script type=\"text\/javascript\">\njQuery(document).ready(function($) {\n\t$('#wp_mep_1').mediaelementplayer({\n\t\tm:1<\/p>\n<p>\t\t,features: ['playpause','current','progress','duration','volume','tracks','fullscreen']<\/p>\n<p>\t});\n});\n<\/script><\/p>\n<div class=\"clear\"><\/div>\n<div class=\"references\">\n<h3>Crazy Colour TV Spot<\/h3>\n<h6>Siemens AG<\/h6>\n<div class=\"spacer\"><\/div>\n<div class=\"content\">\n<p>Karla hat besondere Anspr\u00fcche an ihr Shampoo. Einzelw\u00fcnsche k\u00f6nnen dank einem von OPTIMA und Siemens entwickelten System f\u00fcr Abf\u00fcllmaschinen schnell und g\u00fcnstig umgesetzt werden.<\/p>\n<div class=\"spacer-big\"><\/div>\n<div class=\"row\">\n<div class=\"col-md-6 left\">\n<strong>Client:<\/strong> Siemens AG<br \/>\n<strong>Agency:<\/strong> Ogilvy &amp; Mather, Frankfurt<br \/>\n<strong>Creative Director:<\/strong> Peter Strauss<br \/>\n<strong>Agency Producer:<\/strong> Alexandra Nowak<br \/>\n<strong>Executive Producer:<\/strong> Hanno Kampffmeyer<br \/>\n<strong>Producer:<\/strong> Antonie Forster<\/div>\n<div class=\"col-md-6 left\">\n<strong>Director\/DoP:<\/strong> Fabian Hothan \/ Alexander Linke<br \/>\n<strong>Director Postproduction:<\/strong> Alexander Linke<br \/>\n<strong>Editor:<\/strong> Sebastian Freund<br \/>\n<strong>Music:<\/strong> playroom \/ Raul Geisler<br \/>\n<strong>Production Co.:<\/strong> RABBITZ FILM<\/div>\n<\/div>\n<\/div>\n<\/div>\n<div class=\"spacer-big\"><\/div>\n","protected":false},"excerpt":{"rendered":"Crazy Colour TV Spot Siemens AG Karla hat besondere Anspr\u00fcche an ihr Shampoo. Einzelw\u00fcnsche k\u00f6nnen dank einem von OPTIMA und Siemens entwickelten System f\u00fcr Abf\u00fcllmaschinen schnell und g\u00fcnstig umgesetzt werden. Client: Siemens AG Agency: Ogilvy &amp; Mather, Frankfurt Creative Director: Peter Strauss Agency Producer: Alexandra Nowak Executive Producer: Hanno Kampffmeyer Producer: Antonie Forster Director\/DoP: Fabian [&hellip;]","protected":false},"author":2,"featured_media":0,"parent":0,"menu_order":0,"comment_status":"closed","ping_status":"closed","template":"","meta":{"footnotes":""},"class_list":["post-1362","page","type-page","status-publish","hentry"],"_links":{"self":[{"href":"https:\/\/rabbitz.de\/de\/wp-json\/wp\/v2\/pages\/1362","targetHints":{"allow":["GET"]}}],"collection":[{"href":"https:\/\/rabbitz.de\/de\/wp-json\/wp\/v2\/pages"}],"about":[{"href":"https:\/\/rabbitz.de\/de\/wp-json\/wp\/v2\/types\/page"}],"author":[{"embeddable":true,"href":"https:\/\/rabbitz.de\/de\/wp-json\/wp\/v2\/users\/2"}],"replies":[{"embeddable":true,"href":"https:\/\/rabbitz.de\/de\/wp-json\/wp\/v2\/comments?post=1362"}],"version-history":[{"count":424,"href":"https:\/\/rabbitz.de\/de\/wp-json\/wp\/v2\/pages\/1362\/revisions"}],"predecessor-version":[{"id":9414,"href":"https:\/\/rabbitz.de\/de\/wp-json\/wp\/v2\/pages\/1362\/revisions\/9414"}],"wp:attachment":[{"href":"https:\/\/rabbitz.de\/de\/wp-json\/wp\/v2\/media?parent=1362"}],"curies":[{"name":"wp","href":"https:\/\/api.w.org\/{rel}","templated":true}]}}