{"id":11100,"date":"2025-01-27T17:36:35","date_gmt":"2025-01-27T15:36:35","guid":{"rendered":"https:\/\/rabbitz.de\/datenschutz\/"},"modified":"2025-01-27T17:36:35","modified_gmt":"2025-01-27T15:36:35","slug":"datenschutz","status":"publish","type":"page","link":"https:\/\/rabbitz.de\/de\/datenschutz\/","title":{"rendered":"Datenschutz"},"content":{"rendered":"<div class=\"container\">\n<h2>Datenschutzhinweise<\/h2>\n<p> Stand: 14.05.2018 <\/p>\n<div class=\"spacer\"><\/div>\n<p> Die Datenschutzhinweise von Rabbitz Film gelten f\u00fcr die Website von Rabbitz Film. Sie legen die Art und Weise offen, wie Rabbitz Film mit personenbezogenen Daten im Web umgeht, welche Informationen \u00fcber die Benutzer der Rabbitz Film Website erfasst und ausgewertet werden und wie diese Informationen verwendet, weitergegeben oder anderweitig verarbeitet werden.  <\/p>\n<div class=\"spacer\"><\/div>\n<h3>Datenschutz<\/h3>\n<p> Die Nutzung unserer Webseite ist in der Regel ohne Angabe personenbezogener Daten m\u00f6glich. Soweit auf unseren Seiten personenbezogene Daten (beispielsweise Name, Anschrift oder eMail-Adressen) erhoben werden, erfolgt dies, soweit m\u00f6glich, stets auf freiwilliger Basis. Diese Daten werden ohne Ihre ausdr\u00fcckliche Zustimmung nicht an Dritte weitergegeben.   <\/p>\n<div class=\"spacer-small\"><\/div>\n<p> Wir weisen darauf hin, dass die Daten\u00fcbertragung im Internet (z.B. bei der Kommunikation per E-Mail) Sicherheitsl\u00fccken aufweisen kann. Ein l\u00fcckenloser Schutz der Daten vor dem Zugriff durch Dritte ist nicht m\u00f6glich.  <\/p>\n<div class=\"spacer-small\"><\/div>\n<p> Der Nutzung von im Rahmen der Impressumspflicht ver\u00f6ffentlichten Kontaktdaten durch Dritte zur \u00dcbersendung von nicht ausdr\u00fccklich angeforderter Werbung und Informationsmaterialien wird hiermit ausdr\u00fccklich widersprochen. Die Betreiber der Seiten behalten sich ausdr\u00fccklich rechtliche Schritte im Falle der unverlangten Zusendung von Werbeinformationen, etwa durch Spam-Mails, vor.  <\/p>\n<div class=\"spacer\"><\/div>\n<p><strong>Datenschutzerkl\u00e4rung f\u00fcr die Nutzung von Facebook-Plugins (Like-Button)<\/strong><\/p>\n<div class=\"spacer-small\"><\/div>\n<p> Auf unseren Seiten sind Plugins des sozialen Netzwerks Facebook (Facebook Inc., 1601 Willow Road, Menlo Park, California, 94025, USA) integriert. Die Facebook-Plugins erkennen Sie an dem Facebook-Logo oder dem \u201eLike-Button\u201c (\u201eGef\u00e4llt mir\u201c) auf unserer Seite. Eine \u00dcbersicht \u00fcber die Facebook-Plugins finden Sie hier: http:\/\/developers.facebook.com\/docs\/plugins\/.\u2028Wenn Sie unsere Seiten besuchen, wird \u00fcber das Plugin eine direkte Verbindung zwischen Ihrem Browser und dem Facebook-Server hergestellt. Facebook erh\u00e4lt dadurch die Information, dass Sie mit Ihrer IP-Adresse unsere Seite besucht haben. Wenn Sie den Facebook \u201eLike-Button\u201c anklicken w\u00e4hrend Sie in Ihrem Facebook-Account eingeloggt sind, k\u00f6nnen Sie die Inhalte unserer Seiten auf Ihrem Facebook-Profil verlinken. Dadurch kann Facebook den Besuch unserer Seiten Ihrem Benutzerkonto zuordnen. Wir weisen darauf hin, dass wir als Anbieter der Seiten keine Kenntnis vom Inhalt der \u00fcbermittelten Daten sowie deren Nutzung durch Facebook erhalten. Weitere Informationen hierzu finden Sie in der Datenschutzerkl\u00e4rung von facebook unter http:\/\/de-de.facebook.com\/policy.php        <\/p>\n<div class=\"spacer-small\"><\/div>\n<p> Wenn Sie nicht w\u00fcnschen, dass Facebook den Besuch unserer Seiten Ihrem Facebook-Nutzerkonto zuordnen kann, loggen Sie sich bitte aus Ihrem Facebook-Benutzerkonto aus. <\/p>\n<div class=\"spacer\"><\/div>\n<p><strong>Datenschutzerkl\u00e4rung f\u00fcr die Nutzung von Google Analytics<\/strong><\/p>\n<div class=\"spacer-small\"><\/div>\n<p> Diese Website benutzt Google Analytics, einen Webanalysedienst der Google Inc. (\u201eGoogle\u201c). Google Analytics verwendet sog. \u201eCookies\u201c, Textdateien, die auf Ihrem Computer gespeichert werden und die eine Analyse der Benutzung der Website durch Sie erm\u00f6glichen. Die durch den Cookie erzeugten Informationen \u00fcber Ihre Benutzung dieser Website werden in der Regel an einen Server von Google in den USA \u00fcbertragen und dort gespeichert. Im Falle der Aktivierung der IP-Anonymisierung auf dieser Webseite wird Ihre IP-Adresse von Google jedoch innerhalb von Mitgliedstaaten der Europ\u00e4ischen Union oder in anderen Vertragsstaaten des Abkommens \u00fcber den Europ\u00e4ischen Wirtschaftsraum zuvor gek\u00fcrzt.    <\/p>\n<div class=\"spacer-small\"><\/div>\n<p> Nur in Ausnahmef\u00e4llen wird die volle IP-Adresse an einen Server von Google in den USA \u00fcbertragen und dort gek\u00fcrzt. Im Auftrag des Betreibers dieser Website wird Google diese Informationen benutzen, um Ihre Nutzung der Website auszuwerten, um Reports \u00fcber die Websiteaktivit\u00e4ten zusammenzustellen und um weitere mit der Websitenutzung und der Internetnutzung verbundene Dienstleistungen gegen\u00fcber dem Websitebetreiber zu erbringen. Die im Rahmen von Google Analytics von Ihrem Browser \u00fcbermittelte IP-Adresse wird nicht mit anderen Daten von Google zusammengef\u00fchrt.   <\/p>\n<div class=\"spacer-small\"><\/div>\n<p> Sie k\u00f6nnen die Speicherung der Cookies durch eine entsprechende Einstellung Ihrer Browser-Software verhindern; wir weisen Sie jedoch darauf hin, dass Sie in diesem Fall gegebenenfalls nicht s\u00e4mtliche Funktionen dieser Website vollumf\u00e4nglich werden nutzen k\u00f6nnen. Sie k\u00f6nnen dar\u00fcber hinaus die Erfassung der durch das Cookie erzeugten und auf Ihre Nutzung der Website bezogenen Daten (inkl. Ihrer IP-Adresse) an Google sowie die Verarbeitung dieser Daten durch Google verhindern, indem sie das unter dem folgenden Link verf\u00fcgbare Browser-Plugin herunterladen und installieren: http:\/\/tools.google.com\/dlpage\/gaoptout?hl=de.  <\/p>\n<div class=\"spacer\"><\/div>\n<h3>Hinweis zur verantwortlichen Stelle<\/h3>\n<p> Die verantwortliche Stelle f\u00fcr die Datenverarbeitung auf dieser Website ist: <\/p>\n<div class=\"spacer-small\"><\/div>\n<p> RABBITZ FILM AG<br \/>Rupert-Mayer-Str. 22<br \/>81379 M\u00fcnchen  <\/p>\n<div class=\"spacer-small\"><\/div>\n<p> Telefon: +49 (0) 89-18 909 66-0 E-Mail: <a href=\"mailto:mail@rabbitz.de\">mail@rabbitz.de<\/a><\/p>\n<div class=\"spacer-small\"><\/div>\n<p> Verantwortliche Stelle ist die nat\u00fcrliche oder juristische Person, die allein oder gemeinsam mit anderen \u00fcber die Zwecke und Mittel der Verarbeitung von personenbezogenen Daten (z.B. Namen, E-Mail-Adressen o. \u00c4.) entscheidet. <\/p>\n<div class=\"spacer\"><\/div>\n<h3>Einbindung der Dienste von Vimeo<\/h3>\n<p> Wir haben Vimeo-Videos in unser Online-Angebot eingebunden, die auf http:\/\/www.Vimeo.com gespeichert sind und von unserer Website aus direkt abspielbar sind. Vimeo wird betrieben von Vimeo Inc. mit Hauptgesch\u00e4ftssitz in NYC, USA.  <\/p>\n<div class=\"spacer-small\"><\/div>\n<p> Die Vimeo -Videos sind alle im \u201eerweiterten Datenschutz-Modus\u201c eingebunden, d.h. dass keine Daten \u00fcber Sie als Nutzer an Vimeo \u00fcbertragen werden, wenn Sie die Videos nicht abspielen. Erst wenn Sie die Videos abspielen, wird eine Verbindung zu den Vimeo-Servern hergestellt und dabei das Plugin dargestellt. Hierdurch wird an den Vimeo-Server \u00fcbermittelt, welche unserer Internetseiten Sie besucht haben. Sind Sie dabei als Mitglied bei Vimeo eingeloggt, ordnet Vimeo diese Information Ihrem pers\u00f6nlichen Benutzerkonto zu. Bei Nutzung des Plugins wie z.B. Anklicken des Start-Buttons eines Videos wird diese Information ebenfalls Ihrem Benutzerkonto zugeordnet. Sie k\u00f6nnen diese Zuordnung verhindern, indem Sie sich vor der Nutzung unserer Internetseite aus ihrem Vimeo-Benutzerkonto sowie anderen Benutzerkonten der Firmen Vimeo, Inc. und Google Inc. abmelden und die entsprechenden Cookies der Firmen l\u00f6schen.      <\/p>\n<div class=\"spacer-small\"><\/div>\n<p> Weitere Informationen zur Datenverarbeitung und Hinweise zum Datenschutz durch Vimeo finden Sie unter www.vimeo.com\/privacy. <\/p>\n<div class=\"spacer\"><\/div>\n<h3>Einbindung der Dienste von Google Maps<\/h3>\n<p> Diese Website nutzt Google Maps zur Darstellung interaktiver Karten und zur Erstellung von Anfahrtsbeschreibungen. Google Maps ist ein Kartendienst von Google Inc., 1600 Amphitheatre Parkway, Mountain View, California 94043, USA. Durch die Nutzung von Google Maps k\u00f6nnen Informationen \u00fcber die Benutzung dieser Website einschlie\u00dflich Ihrer IP-Adresse und der im Rahmen der Routenplanerfunktion eingegebenen (Start-) Adresse an Google in den USA \u00fcbertragen werden. Wenn Sie eine Webseite unseres Internetauftritts aufrufen, die Google Maps enth\u00e4lt, baut Ihr Browser eine direkte Verbindung mit den Servern von Google auf. Der Karteninhalt wird von Google direkt an Ihren Browser \u00fcbermittelt und von diesem in die Webseite eingebunden. Daher haben wir keinen Einfluss auf den Umfang der auf diese Weise von Google erhobenen Daten. Entsprechend unserem Kenntnisstand sind dies zumindest folgende Daten       <\/p>\n<ul>\n<li>Datum und Uhrzeit des Besuchs auf der betreffenden Webseite,<\/li>\n<li>Internetadresse oder URL der aufgerufenen Webseite,<\/li>\n<li>IP-Adresse,<\/li>\n<li>im Rahmen der Routenplanung eingegebene (Start-)Anschrift.<\/li>\n<\/ul>\n<p> Auf die weitere Verarbeitung und Nutzung der Daten durch Google haben wir keinen Einfluss und k\u00f6nnen daher hierf\u00fcr keine Verantwortung \u00fcbernehmen. <\/p>\n<div class=\"spacer-small\"><\/div>\n<p> Wenn Sie nicht m\u00f6chten, dass Google \u00fcber unseren Internetauftritt Daten \u00fcber Sie erhebt, verarbeitet oder nutzt, k\u00f6nnen Sie in Ihrem Browsereinstellungen JavaScript deaktivieren. In diesem Fall k\u00f6nnen Sie die Kartenanzeige jedoch nicht nutzen.  <\/p>\n<div class=\"spacer-small\"><\/div>\n<p> Zweck und Umfang der Datenerhebung und die weitere Verarbeitung und Nutzung der Daten durch Google sowie Ihre diesbez\u00fcglichen Rechte und Einstellungsm\u00f6glichkeiten zum Schutz Ihrer Privatsph\u00e4re entnehmen Sie bitte den Datenschutzhinweisen von Google. <\/p>\n<div class=\"spacer-small\"><\/div>\n<p> Durch die Nutzung unserer Webseite erkl\u00e4ren Sie sich mit der Bearbeitung der \u00fcber Sie erhobenen Daten durch Google Maps Routenplaner in der zuvor beschriebenen Art und Weise und zu dem zuvor benannten Zweck einverstanden. <\/p>\n<div class=\"spacer\"><\/div>\n<h3>\u00dcbertragung von Daten \u00fcber unseren ftp Server<\/h3>\n<p> Zur \u00dcbertragung von Text- und Videodateien (File Server) zwischen uns und unseren Kunden nutzen wir den Server Dienst Serv-U von SolarWinds Worldwide, LLC., USA. <\/p>\n<div class=\"spacer-small\"><\/div>\n<p> Bei der \u00dcbertragung werden die Daten durch die Nutzung von SSL\/TLS Protokollen verschl\u00fcsselt, um Manipulation, Datenlecke oder das einsehen der Dateien w\u00e4hrend der \u00dcbertragung zu verhindern. Sollte aus technischen Gr\u00fcnden seitens SolarWinds in \u00e4u\u00dferst unwahrscheinlichen Fall dennoch Datenlecke vorkommen, kann Rabbitz Film daf\u00fcr nicht verantwortlich gemacht werden. Sie k\u00f6nnen sich \u00fcber die Funktionsweise und technischen Hintergr\u00fcnde der Software \u00fcber folgenden Link informieren: https:\/\/www.serv-u.com.   <\/p>\n<div class=\"spacer\"><\/div>\n<h3>Links zu fremden Websites<\/h3>\n<p> Auf unserer Website befinden sich Links zu Websites anderer Anbieter. In diesen F\u00e4llen werden sie von unserer Website direkt auf die Website der anderen Anbieter weitergeleitet. Wir k\u00f6nnen keine Verantwortung f\u00fcr den vertraulichen Umgang Ihrer Daten \u00fcbernehmen, da wir keinen Einfluss darauf haben, dass diese Unternehmen die Datenschutzbestimmungen einhalten. \u00dcber den Umgang mit Ihren personenbezogenen Daten durch diese Unternehmen informieren Sie sich bitte auf deren Websites direkt.    <\/p>\n<div class=\"spacer\"><\/div>\n<h3>G\u00fcltigkeit dieser Datenschutzhinweise<\/h3>\n<p> Dieser Datenschutzhinweis ist in der aktuellen Fassung vom 18.05.2018. Wir behalten uns eine jederzeitige \u00c4nderung mit Wirkung f\u00fcr die Zukunft vor.  <\/p>\n<div class=\"spacer\"><\/div>\n<h3>Auskunft zu den Datenschutzhinweisen<\/h3>\n<p> Wenn Sie Fragen haben, die Ihnen diese Datenschutzhinweise nicht beantworten konnten, k\u00f6nnen Sie sich jederzeit \u00fcber die im Impressum https:\/\/www.rabbitz.de\/impressum\/ angegebenen Kontaktdaten oder \u00fcber folgende Email-Adresse an uns wenden: mail@rabbitz.de <\/p>\n<div class=\"spacer-small\"><\/div>\n<p> Datenschutzbeaufragte: Andrea Kohlmeyer, andrea@rabbitz.de <\/p><\/div>\n<div class=\"spacer-big\"><\/div>\n","protected":false},"excerpt":{"rendered":"Datenschutzhinweise Stand: 14.05.2018 Die Datenschutzhinweise von Rabbitz Film gelten f\u00fcr die Website von Rabbitz Film. Sie legen die Art und Weise offen, wie Rabbitz Film mit personenbezogenen Daten im Web umgeht, welche Informationen \u00fcber die Benutzer der Rabbitz Film Website erfasst und ausgewertet werden und wie diese Informationen verwendet, weitergegeben oder anderweitig verarbeitet werden. Datenschutz [&hellip;]","protected":false},"author":1,"featured_media":0,"parent":0,"menu_order":0,"comment_status":"closed","ping_status":"closed","template":"","meta":{"footnotes":""},"class_list":["post-11100","page","type-page","status-publish","hentry"],"_links":{"self":[{"href":"https:\/\/rabbitz.de\/de\/wp-json\/wp\/v2\/pages\/11100","targetHints":{"allow":["GET"]}}],"collection":[{"href":"https:\/\/rabbitz.de\/de\/wp-json\/wp\/v2\/pages"}],"about":[{"href":"https:\/\/rabbitz.de\/de\/wp-json\/wp\/v2\/types\/page"}],"author":[{"embeddable":true,"href":"https:\/\/rabbitz.de\/de\/wp-json\/wp\/v2\/users\/1"}],"replies":[{"embeddable":true,"href":"https:\/\/rabbitz.de\/de\/wp-json\/wp\/v2\/comments?post=11100"}],"version-history":[{"count":0,"href":"https:\/\/rabbitz.de\/de\/wp-json\/wp\/v2\/pages\/11100\/revisions"}],"wp:attachment":[{"href":"https:\/\/rabbitz.de\/de\/wp-json\/wp\/v2\/media?parent=11100"}],"curies":[{"name":"wp","href":"https:\/\/api.w.org\/{rel}","templated":true}]}}