{"id":11057,"date":"2014-11-21T12:54:29","date_gmt":"2014-11-21T10:54:29","guid":{"rendered":"https:\/\/rabbitz.de\/impressum\/"},"modified":"2025-01-27T16:48:53","modified_gmt":"2025-01-27T14:48:53","slug":"impressum","status":"publish","type":"page","link":"https:\/\/rabbitz.de\/de\/impressum\/","title":{"rendered":"Impressum"},"content":{"rendered":"<div class=\"container\">\n<h2>IMPRESSUM<\/h2>\n<p> Angaben gem\u00e4\u00df \u00a7 5 TMG:<br \/>RABBITZ FILM AG<br \/>Rupert-Mayer-Str. 22 <br \/>81379 M\u00fcnchen <\/p>\n<div class=\"spacer\"><\/div>\n<p> Vertreten durch Vorstand: Hanno Kampffmeyer (Vorsitzender), Marc Junker, Martin St\u00fchrk <\/p>\n<div class=\"spacer\"><\/div>\n<p> T. +49 (0) 89-18 909 66-0<br \/>F. +49 (0) 89-18 909 66-29 <br \/><a href=\"mailto@mail@rabbitz.de\">mail@rabbitz.de<\/a><br \/><a href=\"http:\/\/www.rabbitz.de\">www.rabbitz.de<\/a><\/p>\n<div class=\"spacer\"><\/div>\n<p> Aufsichtsrat: Alexander Linke (Vorsitzender), Peter Bernauer, Gesa J\u00f6rg<br \/>Vorstand: Hanno Kampffmeyer<br \/>HRB-Nr.: 215161 AG M\u00fcnchen<br \/>USt-Identifikationsnummer: DE815531064<br \/>Quelle: http:\/\/www.e-recht24.de <\/p>\n<div class=\"spacer\"><\/div>\n<p><strong>Datenschutzbeauftragte(r) (DSB) gem\u00e4\u00df des Bundesdatenschutzgesetzes (BDSG):<\/strong><br \/>Andrea Kohlmeyer<br \/>RABBITZ FILM AG<br \/>Rupert-Mayer-Str. 22 81379 M\u00fcnchen<br \/>T. +49 (0) 89-18 909 66-0 <a href=\"mailto:mail@rabbitz.de\"><br \/>mail@rabbitz.de<\/a><\/p>\n<div class=\"spacer\"><\/div>\n<p> Webdesign &amp; Umsetzung: <a href=\"http:\/\/www.enzwo.de\" target=\"_blank\" rel=\"noopener\">enzwo Mediendesign<\/a><br \/>Creator Rabbitz: <a href=\"http:\/\/www.h1-daxl.de\" target=\"_blank\" rel=\"noopener\">www.h1-daxl.de<\/a><\/p>\n<div class=\"spacer\"><\/div>\n<h6>Haftungsausschluss (Disclaimer)<\/h6>\n<p><strong>Haftung f\u00fcr Inhalte<\/strong><br \/>Als Diensteanbieter sind wir gem\u00e4\u00df \u00a7 7 Abs.1 TMG f\u00fcr eigene Inhalte auf diesen Seiten nach den allgemeinen Gesetzen verantwortlich. Nach \u00a7\u00a7 8 bis 10 TMG sind wir als Diensteanbieter jedoch nicht verpflichtet, \u00fcbermittelte oder gespeicherte fremde Informationen zu \u00fcberwachen oder nach Umst\u00e4nden zu forschen, die auf eine rechtswidrige T\u00e4tigkeit hinweisen. Verpflichtungen zur Entfernung oder Sperrung der Nutzung von Informationen nach den allgemeinen Gesetzen bleiben hiervon unber\u00fchrt. Eine diesbez\u00fcgliche Haftung ist jedoch erst ab dem Zeitpunkt der Kenntnis einer konkreten Rechtsverletzung m\u00f6glich. Sobald uns derartige Verst\u00f6\u00dfe bekannt werden, werden wir diese Inhalte umgehend entfernen. <\/p>\n<p><strong>Haftung f\u00fcr Links<\/strong><br \/>Unsere Website enth\u00e4lt Links zu externen Webseiten Dritter, auf deren Inhalte wir keinen Einfluss haben. Daher k\u00f6nnen wir keine Haftung f\u00fcr diese Inhalte Dritter \u00fcbernehmen. F\u00fcr die Inhalte der verlinkten Seiten ist stets der jeweilige Anbieter oder Betreiber der Seiten verantwortlich. Die verlinkten Seiten wurden zum Zeitpunkt der Verlinkung auf m\u00f6gliche Rechtsverst\u00f6\u00dfe \u00fcberpr\u00fcft. Rechtswidrige Inhalte waren zum Zeitpunkt der Verlinkung nicht erkennbar. Eine permanente inhaltliche Kontrolle der verlinkten Seiten ist jedoch ohne konkrete Anhaltspunkte einer Rechtsverletzung nicht zumutbar. Bei Bekanntwerden von Rechtsverletzungen werden wir derartige Links umgehend entfernen. <\/p>\n<p><strong>Copyright<\/strong><br \/>Die durch die Seitenbetreiber erstellten Inhalte und Werke auf diesen Seiten unterliegen dem deutschen Urheberrecht. Die Vervielf\u00e4ltigung, Bearbeitung, Verbreitung und jede Art der Verwertung au\u00dferhalb der Grenzen des Urheberrechtes bed\u00fcrfen der schriftlichen Zustimmung des jeweiligen Autors bzw. Erstellers. Downloads und Kopien dieser Seite sind nur f\u00fcr den privaten, nicht kommerziellen Gebrauch gestattet. Soweit die Inhalte auf dieser Seite nicht vom Betreiber erstellt wurden, werden die Urheberrechte Dritter beachtet. Insbesondere werden Inhalte Dritter als solche gekennzeichnet. Sollten Sie dennoch auf eine Urheberrechtsverletzung aufmerksam werden, informieren Sie uns bitte dar\u00fcber. Sollten wir von Rechtsverletzungen Kenntnis erhalten, werden wir diese Inhalte unverz\u00fcglich entfernen. <\/p>\n<div class=\"spacer\"><\/div>\n<\/div>\n","protected":false},"excerpt":{"rendered":"IMPRESSUM Angaben gem\u00e4\u00df \u00a7 5 TMG:RABBITZ FILM AGRupert-Mayer-Str. 22 81379 M\u00fcnchen Vertreten durch Vorstand: Hanno Kampffmeyer (Vorsitzender), Marc Junker, Martin St\u00fchrk T. +49 (0) 89-18 909 66-0F. +49 (0) 89-18 909 66-29 mail@rabbitz.dewww.rabbitz.de Aufsichtsrat: Alexander Linke (Vorsitzender), Peter Bernauer, Gesa J\u00f6rgVorstand: Hanno KampffmeyerHRB-Nr.: 215161 AG M\u00fcnchenUSt-Identifikationsnummer: DE815531064Quelle: http:\/\/www.e-recht24.de Datenschutzbeauftragte(r) (DSB) gem\u00e4\u00df des Bundesdatenschutzgesetzes (BDSG):Andrea KohlmeyerRABBITZ [&hellip;]","protected":false},"author":1,"featured_media":0,"parent":0,"menu_order":0,"comment_status":"closed","ping_status":"closed","template":"","meta":{"footnotes":""},"class_list":["post-11057","page","type-page","status-publish","hentry"],"_links":{"self":[{"href":"https:\/\/rabbitz.de\/de\/wp-json\/wp\/v2\/pages\/11057","targetHints":{"allow":["GET"]}}],"collection":[{"href":"https:\/\/rabbitz.de\/de\/wp-json\/wp\/v2\/pages"}],"about":[{"href":"https:\/\/rabbitz.de\/de\/wp-json\/wp\/v2\/types\/page"}],"author":[{"embeddable":true,"href":"https:\/\/rabbitz.de\/de\/wp-json\/wp\/v2\/users\/1"}],"replies":[{"embeddable":true,"href":"https:\/\/rabbitz.de\/de\/wp-json\/wp\/v2\/comments?post=11057"}],"version-history":[{"count":4,"href":"https:\/\/rabbitz.de\/de\/wp-json\/wp\/v2\/pages\/11057\/revisions"}],"predecessor-version":[{"id":11063,"href":"https:\/\/rabbitz.de\/de\/wp-json\/wp\/v2\/pages\/11057\/revisions\/11063"}],"wp:attachment":[{"href":"https:\/\/rabbitz.de\/de\/wp-json\/wp\/v2\/media?parent=11057"}],"curies":[{"name":"wp","href":"https:\/\/api.w.org\/{rel}","templated":true}]}}