{"id":10884,"date":"2019-07-08T11:54:04","date_gmt":"2019-07-08T09:54:04","guid":{"rendered":"https:\/\/rabbitz.de\/service\/"},"modified":"2025-05-27T11:01:36","modified_gmt":"2025-05-27T09:01:36","slug":"service","status":"publish","type":"page","link":"https:\/\/rabbitz.de\/de\/service\/","title":{"rendered":"SERVICE"},"content":{"rendered":"<div id=\"\" class=\"fullwidth-box-blau\" style=\"background-color:#4b636e;border-top:0 solid ;border-bottom:0 solid ;padding-top:100px;padding-bottom:100px;\">\n<div class=\"content\">\n<h2><font color=\"#ffffff\">EIN FILM IST EIN <br \/>ABENTEUER.<\/font><\/h2>\n<div class=\"spacer-small\"><\/div>\n<\/div>\n<\/div>\n<\/div>\n<div class=\"spacer-big\"><\/div>\n<div class=\"content\">\nAuf der Grundlage unserer langj\u00e4hrigen Erfahrung in der Zusammenarbeit mit TV-Sendern, Werbeagenturen und Unternehmen bieten wir unseren Kunden als Full-Service-Produktionsfirma eine breite Palette von Dienstleistungen an. Dazu geh\u00f6ren die Entwicklung und Realisierung von Werbekampagnen, Imagefilmen, HR-Kampagnen, Referenzfilmen, Animationsfilmen, Fotoshootings und Livestreams.\n<\/div>\n<div class=\"spacer-small\"><\/div>\n<div class=\"content\">\nWir betreuen Ihre Projekte von der ersten Idee bis zum fertigen Film. Und dank eines Netzwerks von internationalen Partnerproduktionen k\u00f6nnen wir dies auch weltweit tun. Unsere hauseigene digitale Postproduktionsabteilung mit Schnitt- und Grafikarbeitspl\u00e4tzen (2D&amp;3D) bietet dar\u00fcber hinaus ein hohes Ma\u00df an Produktionssicherheit, insbesondere bei zeitkritischen Deadlines.\n<\/div>\n<div class=\"spacer-small\"><\/div>\n<div class=\"content\">\nSenden Sie uns eine unverbindliche <a href=\"mailto:mail@rabbitz.de\">Anfrage<\/a> und wir lassen Ihnen Pr\u00e4sentationsmaterial speziell zur Ihrem Projektvorhaben zukommen. Oder Sie rufen einfach an.\n<\/div>\n<div class=\"spacer-big\"><\/div>\n<div class=\"row\">\n<div class=\"content\">\n<strong>Wir bieten:<\/strong><\/p>\n<div class=\"col-md-6 left\">Konzeption<br \/>\nProjektentwicklung<br \/>\nDreh \/ Produktion (National &amp; International)<br \/>\nProstproduktion<\/div>\n<div class=\"col-md-4 left\">Motion Graphics \/ Animation<br \/>\nFotografie<br \/>\nLive Streams<\/div>\n<div class=\"col-md-2 left\"><img loading=\"lazy\" decoding=\"async\" src=\"https:\/\/rabbitz.de\/wp-content\/uploads\/2025\/05\/Aufkleber_online_normal_kleiner_2025.jpg\" alt=\"\" width=\"260\" height=\"190\" class=\"alignnone size-full wp-image-10300\"><\/div>\n<\/div>\n<\/div>\n<\/div>\n<div class=\"spacer-big\"><\/div>\n","protected":false},"excerpt":{"rendered":"EIN FILM IST EIN ABENTEUER. Auf der Grundlage unserer langj\u00e4hrigen Erfahrung in der Zusammenarbeit mit TV-Sendern, Werbeagenturen und Unternehmen bieten wir unseren Kunden als Full-Service-Produktionsfirma eine breite Palette von Dienstleistungen an. Dazu geh\u00f6ren die Entwicklung und Realisierung von Werbekampagnen, Imagefilmen, HR-Kampagnen, Referenzfilmen, Animationsfilmen, Fotoshootings und Livestreams. Wir betreuen Ihre Projekte von der ersten Idee bis [&hellip;]","protected":false},"author":1,"featured_media":0,"parent":0,"menu_order":0,"comment_status":"closed","ping_status":"closed","template":"","meta":{"footnotes":""},"class_list":["post-10884","page","type-page","status-publish","hentry"],"_links":{"self":[{"href":"https:\/\/rabbitz.de\/de\/wp-json\/wp\/v2\/pages\/10884","targetHints":{"allow":["GET"]}}],"collection":[{"href":"https:\/\/rabbitz.de\/de\/wp-json\/wp\/v2\/pages"}],"about":[{"href":"https:\/\/rabbitz.de\/de\/wp-json\/wp\/v2\/types\/page"}],"author":[{"embeddable":true,"href":"https:\/\/rabbitz.de\/de\/wp-json\/wp\/v2\/users\/1"}],"replies":[{"embeddable":true,"href":"https:\/\/rabbitz.de\/de\/wp-json\/wp\/v2\/comments?post=10884"}],"version-history":[{"count":4,"href":"https:\/\/rabbitz.de\/de\/wp-json\/wp\/v2\/pages\/10884\/revisions"}],"predecessor-version":[{"id":11137,"href":"https:\/\/rabbitz.de\/de\/wp-json\/wp\/v2\/pages\/10884\/revisions\/11137"}],"wp:attachment":[{"href":"https:\/\/rabbitz.de\/de\/wp-json\/wp\/v2\/media?parent=10884"}],"curies":[{"name":"wp","href":"https:\/\/api.w.org\/{rel}","templated":true}]}}