{"id":10882,"date":"2014-12-02T18:51:18","date_gmt":"2014-12-02T16:51:18","guid":{"rendered":"https:\/\/rabbitz.de\/ueber\/geschichte\/"},"modified":"2014-12-02T18:51:18","modified_gmt":"2014-12-02T16:51:18","slug":"geschichte","status":"publish","type":"page","link":"https:\/\/rabbitz.de\/de\/ueber\/geschichte\/","title":{"rendered":"Geschichte"},"content":{"rendered":"<div class=\"spacer-big\"><\/div>\n<div class=\"teaser_blau\"><\/div>\n<div class=\"content\">Rabbitz Film wurde im Januar 2015 von Hanno Kampffmeyer und Alexander Linke ins Leben gerufen und ist eine Weiterentwicklung der seit 2007 bestehenden Maximilian Film.<\/p>\n<div class=\"spacer\"><\/div>\n<p>Mit Rabbitz Film haben wir uns den Traum erf\u00fcllt, eine kreative Plattform f\u00fcr das bessere Produkt zu sein. Mit unserem hohen kreativen und visuellen Anspruch setzen wir uns f\u00fcr das bestm\u00f6gliche Ergebnis ein.<\/p>\n<div class=\"spacer\"><\/div>\n<p>Unsere Schwerpunkte sind Werbung, Image- und Industriefilme, wobei unsere gesamte Bandbreite auch Musikvideos und Dokumentationen abdeckt.\n<\/p><\/div>\n<div class=\"spacer-big\"><\/div>\n","protected":false},"excerpt":{"rendered":"Rabbitz Film wurde im Januar 2015 von Hanno Kampffmeyer und Alexander Linke ins Leben gerufen und ist eine Weiterentwicklung der seit 2007 bestehenden Maximilian Film. Mit Rabbitz Film haben wir uns den Traum erf\u00fcllt, eine kreative Plattform f\u00fcr das bessere Produkt zu sein. Mit unserem hohen kreativen und visuellen Anspruch setzen wir uns f\u00fcr das [&hellip;]","protected":false},"author":1,"featured_media":0,"parent":10865,"menu_order":0,"comment_status":"closed","ping_status":"closed","template":"","meta":{"footnotes":""},"class_list":["post-10882","page","type-page","status-publish","hentry"],"_links":{"self":[{"href":"https:\/\/rabbitz.de\/de\/wp-json\/wp\/v2\/pages\/10882","targetHints":{"allow":["GET"]}}],"collection":[{"href":"https:\/\/rabbitz.de\/de\/wp-json\/wp\/v2\/pages"}],"about":[{"href":"https:\/\/rabbitz.de\/de\/wp-json\/wp\/v2\/types\/page"}],"author":[{"embeddable":true,"href":"https:\/\/rabbitz.de\/de\/wp-json\/wp\/v2\/users\/1"}],"replies":[{"embeddable":true,"href":"https:\/\/rabbitz.de\/de\/wp-json\/wp\/v2\/comments?post=10882"}],"version-history":[{"count":0,"href":"https:\/\/rabbitz.de\/de\/wp-json\/wp\/v2\/pages\/10882\/revisions"}],"up":[{"embeddable":true,"href":"https:\/\/rabbitz.de\/de\/wp-json\/wp\/v2\/pages\/10865"}],"wp:attachment":[{"href":"https:\/\/rabbitz.de\/de\/wp-json\/wp\/v2\/media?parent=10882"}],"curies":[{"name":"wp","href":"https:\/\/api.w.org\/{rel}","templated":true}]}}