{"id":10865,"date":"2014-10-16T19:01:48","date_gmt":"2014-10-16T17:01:48","guid":{"rendered":"https:\/\/rabbitz.de\/ueber\/"},"modified":"2025-02-11T11:55:00","modified_gmt":"2025-02-11T09:55:00","slug":"ueber","status":"publish","type":"page","link":"https:\/\/rabbitz.de\/de\/ueber\/","title":{"rendered":"\u00dcBER"},"content":{"rendered":"<h2>EIN FILM IST<br \/>PR\u00c4ZISION.<\/h2>\n<div class=\"content\">Nicht jeder Film ist ein Abenteuer, aber viele sind es tats\u00e4chlich. Vielleicht nicht so existenziell wie die Abenteuer von Frodo Beutlin. Aber die richtige Idee zu haben, die richtigen Leute zusammenzubringen, die Produktion richtig zu organisieren und sie fehlerfrei durchzuf\u00fchren &#8211; das ist immer ein Riesenspa\u00df und ein Abenteuer, auf das wir uns gerne einlassen.\n<\/div>\n<div class=\"spacer\"><\/div>\n<div id=\"\" class=\"fullwidth-box\" style=\"background-color:#ff2d20;border-top:0 solid ;border-bottom:0 solid ;padding-top:100px;padding-bottom:100px;\">\n<div class=\"content\">\n<h3>RABBITZ FILM<\/h3>\n<p>Das ist es, was wir sind.<\/p>\n<div class=\"spacer\"><\/div>\n<p><a href=\"http:\/\/rabbitz.de\/about\/story\/\" title=\"Geschichte\"><button class=\"btn\" type=\"button\">READ OUR STORY<\/button><\/a>\n<\/div>\n<\/div>\n<\/div>\n<div class=\"spacer\"><\/div>\n<div class=\"clear\"><\/div>\n<div class=\"content\">\nWir sind ein internationales Full-Service-Filmproduktionsunternehmen; unser Leistungsspektrum umfasst die Entwicklung und Realisierung von Filmproduktionen und Fotoshootings weltweit. Dank unserer jahrzehntelangen Erfahrung in der Zusammenarbeit mit Fernsehsendern, Werbeagenturen und Unternehmen wissen wir, welche Strategien am besten geeignet sind, um verschiedene Projekte wie das Ihre erfolgreich umzusetzen.\n<\/div>\n<div class=\"spacer\"><\/div>\n<div class=\"content\">\nF\u00fcr unsere weltweiten Produktionen k\u00f6nnen wir auf ein stabiles Netzwerk von internationalen Partnern zur\u00fcckgreifen, die uns bei der reibungslosen Durchf\u00fchrung logistischer und\/oder kreativer Aufgaben in ihren jeweiligen L\u00e4ndern, kulturellen Kontexten und Sprachen unterst\u00fctzen.\n<\/div>\n<div class=\"spacer\"><\/div>\n<div class=\"content\">\nUnsere Kunden sch\u00e4tzen die Vorteile unserer hauseigenen digitalen Postproduktionsabteilung mit Schnitt- und Grafik-Workstations (2D&amp;3D). Dies bietet ein hohes Ma\u00df an Produktionssicherheit, insbesondere bei zeitkritischen Terminen.\n<\/div>\n<div class=\"spacer-big\"><\/div>\n","protected":false},"excerpt":{"rendered":"EIN FILM ISTPR\u00c4ZISION. Nicht jeder Film ist ein Abenteuer, aber viele sind es tats\u00e4chlich. Vielleicht nicht so existenziell wie die Abenteuer von Frodo Beutlin. Aber die richtige Idee zu haben, die richtigen Leute zusammenzubringen, die Produktion richtig zu organisieren und sie fehlerfrei durchzuf\u00fchren &#8211; das ist immer ein Riesenspa\u00df und ein Abenteuer, auf das wir [&hellip;]","protected":false},"author":1,"featured_media":0,"parent":0,"menu_order":0,"comment_status":"closed","ping_status":"closed","template":"","meta":{"footnotes":""},"class_list":["post-10865","page","type-page","status-publish","hentry"],"_links":{"self":[{"href":"https:\/\/rabbitz.de\/de\/wp-json\/wp\/v2\/pages\/10865","targetHints":{"allow":["GET"]}}],"collection":[{"href":"https:\/\/rabbitz.de\/de\/wp-json\/wp\/v2\/pages"}],"about":[{"href":"https:\/\/rabbitz.de\/de\/wp-json\/wp\/v2\/types\/page"}],"author":[{"embeddable":true,"href":"https:\/\/rabbitz.de\/de\/wp-json\/wp\/v2\/users\/1"}],"replies":[{"embeddable":true,"href":"https:\/\/rabbitz.de\/de\/wp-json\/wp\/v2\/comments?post=10865"}],"version-history":[{"count":4,"href":"https:\/\/rabbitz.de\/de\/wp-json\/wp\/v2\/pages\/10865\/revisions"}],"predecessor-version":[{"id":11114,"href":"https:\/\/rabbitz.de\/de\/wp-json\/wp\/v2\/pages\/10865\/revisions\/11114"}],"wp:attachment":[{"href":"https:\/\/rabbitz.de\/de\/wp-json\/wp\/v2\/media?parent=10865"}],"curies":[{"name":"wp","href":"https:\/\/api.w.org\/{rel}","templated":true}]}}