{"id":10420,"date":"2023-02-17T17:27:02","date_gmt":"2023-02-17T15:27:02","guid":{"rendered":"https:\/\/rabbitz.de\/?page_id=10420"},"modified":"2024-07-01T11:54:36","modified_gmt":"2024-07-01T09:54:36","slug":"mobase","status":"publish","type":"page","link":"https:\/\/rabbitz.de\/de\/mobase\/","title":{"rendered":"MoBase"},"content":{"rendered":"<div class=\"spacer-big\"><\/div>\n<div class=\"newvideo\"><iframe loading=\"lazy\" src=\"https:\/\/player.vimeo.com\/video\/776936868?h=7cc125995e\" width=\"640\" height=\"360\" frameborder=\"0\" allow=\"autoplay; fullscreen; picture-in-picture\" allowfullscreen><\/iframe><\/p>\n<\/div>\n<div class=\"clear\"><\/div>\n<div class=\"references\">\n<h3>MoBase<\/h3>\n<h6>Siemens Mobility GmbH<\/h6>\n<div class=\"spacer\"><\/div>\n<div class=\"content\">\n<p>Wer oder was ist MoBase? \u201eDie Home Base f\u00fcr professionelle Bahnprodukte und L\u00f6sungen\u201c \u2013 DIE neue Online Plattform f\u00fcr die Mobilit\u00e4tsbranche.<\/p>\n<div class=\"spacer-big\"><\/div>\n<div class=\"row\">\n<div class=\"col-md-6 left\">\n<strong>Production Co.<\/strong> RABBITZ Film<br \/>\n<strong>Agency:<\/strong> RABBITZ Film<br \/>\n<strong>Creative Director:<\/strong> Alexander Linke\n<\/div>\n<div class=\"col-md-6 left\">\n<strong>Director:<\/strong> Martin St\u00fchrk<br \/>\n<strong>Producer:<\/strong> Martin St\u00fchrk<br \/>\n<strong>Director Postproduction:<\/strong> Sebastian Kilinski\n<\/div>\n<\/div>\n<\/div>\n<div class=\"spacer-big\"><\/div>\n","protected":false},"excerpt":{"rendered":"MoBase Siemens Mobility GmbH Wer oder was ist MoBase? \u201eDie Home Base f\u00fcr professionelle Bahnprodukte und L\u00f6sungen\u201c \u2013 DIE neue Online Plattform f\u00fcr die Mobilit\u00e4tsbranche. Production Co. RABBITZ Film Agency: RABBITZ Film Creative Director: Alexander Linke Director: Martin St\u00fchrk Producer: Martin St\u00fchrk Director Postproduction: Sebastian Kilinski","protected":false},"author":2,"featured_media":0,"parent":0,"menu_order":0,"comment_status":"closed","ping_status":"closed","template":"","meta":{"footnotes":""},"class_list":["post-10420","page","type-page","status-publish","hentry"],"_links":{"self":[{"href":"https:\/\/rabbitz.de\/de\/wp-json\/wp\/v2\/pages\/10420","targetHints":{"allow":["GET"]}}],"collection":[{"href":"https:\/\/rabbitz.de\/de\/wp-json\/wp\/v2\/pages"}],"about":[{"href":"https:\/\/rabbitz.de\/de\/wp-json\/wp\/v2\/types\/page"}],"author":[{"embeddable":true,"href":"https:\/\/rabbitz.de\/de\/wp-json\/wp\/v2\/users\/2"}],"replies":[{"embeddable":true,"href":"https:\/\/rabbitz.de\/de\/wp-json\/wp\/v2\/comments?post=10420"}],"version-history":[{"count":3,"href":"https:\/\/rabbitz.de\/de\/wp-json\/wp\/v2\/pages\/10420\/revisions"}],"predecessor-version":[{"id":10503,"href":"https:\/\/rabbitz.de\/de\/wp-json\/wp\/v2\/pages\/10420\/revisions\/10503"}],"wp:attachment":[{"href":"https:\/\/rabbitz.de\/de\/wp-json\/wp\/v2\/media?parent=10420"}],"curies":[{"name":"wp","href":"https:\/\/api.w.org\/{rel}","templated":true}]}}