{"id":10357,"date":"2022-11-22T13:26:18","date_gmt":"2022-11-22T11:26:18","guid":{"rendered":"https:\/\/rabbitz.de\/?page_id=10357"},"modified":"2024-07-01T11:56:12","modified_gmt":"2024-07-01T09:56:12","slug":"mental-health-siemens-energy-global-gmbh-co-kg","status":"publish","type":"page","link":"https:\/\/rabbitz.de\/de\/mental-health-siemens-energy-global-gmbh-co-kg\/","title":{"rendered":"Mental Health &#8211; Siemens Energy Global GmbH &#038; Co. KG"},"content":{"rendered":"<div class=\"spacer-big\"><\/div>\n<div class=\"newvideo\"><iframe loading=\"lazy\" src=\"https:\/\/player.vimeo.com\/video\/759818664?h=05a5574f80\" width=\"640\" height=\"360\" frameborder=\"0\" allow=\"autoplay; fullscreen; picture-in-picture\" allowfullscreen><\/iframe>\n<\/div>\n<div class=\"clear\"><\/div>\n<div class=\"references\">\n<h3>Mental Health<\/h3>\n<h6>Siemens Energy Global GmbH &#038; Co. KG<\/h6>\n<div class=\"spacer\"><\/div>\n<div class=\"content\">\n<p>SE Employees share their personal stories of mental health &#8211; emotional, raw, and completely honest. <\/p>\n<div class=\"spacer-big\"><\/div>\n<div class=\"row\">\n<div class=\"col-md-6 left\">\n<strong>Production Co.<\/strong> RABBITZ FILM<br \/>\n<strong>Agency:<\/strong> C\/O Daubenb\u00fcchel<br \/>\n<strong>Creative Director:<\/strong> Markus Daubenb\u00fcchel<br \/>\n<strong>Director:<\/strong> Martin St\u00fchrk\n<\/div>\n<div class=\"col-md-6 left\">\n<strong>Producer:<\/strong> Martin St\u00fchrk<br \/>\n<strong>DoP:<\/strong> divers<br \/>\n<strong>Editor:<\/strong> Jana Hoffmann\n<\/div>\n<\/div>\n<\/div>\n<div class=\"spacer-big\"><\/div>\n","protected":false},"excerpt":{"rendered":"Mental Health Siemens Energy Global GmbH &#038; Co. KG SE Employees share their personal stories of mental health &#8211; emotional, raw, and completely honest. Production Co. RABBITZ FILM Agency: C\/O Daubenb\u00fcchel Creative Director: Markus Daubenb\u00fcchel Director: Martin St\u00fchrk Producer: Martin St\u00fchrk DoP: divers Editor: Jana Hoffmann","protected":false},"author":2,"featured_media":0,"parent":0,"menu_order":0,"comment_status":"closed","ping_status":"closed","template":"","meta":{"footnotes":""},"class_list":["post-10357","page","type-page","status-publish","hentry"],"_links":{"self":[{"href":"https:\/\/rabbitz.de\/de\/wp-json\/wp\/v2\/pages\/10357","targetHints":{"allow":["GET"]}}],"collection":[{"href":"https:\/\/rabbitz.de\/de\/wp-json\/wp\/v2\/pages"}],"about":[{"href":"https:\/\/rabbitz.de\/de\/wp-json\/wp\/v2\/types\/page"}],"author":[{"embeddable":true,"href":"https:\/\/rabbitz.de\/de\/wp-json\/wp\/v2\/users\/2"}],"replies":[{"embeddable":true,"href":"https:\/\/rabbitz.de\/de\/wp-json\/wp\/v2\/comments?post=10357"}],"version-history":[{"count":5,"href":"https:\/\/rabbitz.de\/de\/wp-json\/wp\/v2\/pages\/10357\/revisions"}],"predecessor-version":[{"id":10505,"href":"https:\/\/rabbitz.de\/de\/wp-json\/wp\/v2\/pages\/10357\/revisions\/10505"}],"wp:attachment":[{"href":"https:\/\/rabbitz.de\/de\/wp-json\/wp\/v2\/media?parent=10357"}],"curies":[{"name":"wp","href":"https:\/\/api.w.org\/{rel}","templated":true}]}}